{"id":4996,"date":"2025-03-30T07:06:24","date_gmt":"2025-03-30T12:06:24","guid":{"rendered":"https:\/\/kasaorigen.com\/politica-de-reembolso-y-cancelacion\/"},"modified":"2025-06-26T13:28:49","modified_gmt":"2025-06-26T18:28:49","slug":"politica-de-reembolso-y-cancelacion","status":"publish","type":"page","link":"https:\/\/kasaorigen.com\/es\/politica-de-reembolso-y-cancelacion\/","title":{"rendered":"Pol\u00edtica de reembolso y cancelaci\u00f3n"},"content":{"rendered":"<h3 style=\"color: #00796B;\">Pol\u00edtica de cancelaci\u00f3n est\u00e1ndar<\/h3>\n<p>Esta pol\u00edtica se aplica a estancias de 27 noches o menos:<\/p>\n<ul style=\"padding-left: 20px;\">\n<li><strong>Reembolso<\/strong> completo: Los hu\u00e9spedes pueden cancelar dentro de las 48 horas posteriores a la reserva, siempre que la cancelaci\u00f3n se produzca al menos <strong>14 d\u00edas antes del check-in<\/strong>.<\/li>\n<li><strong>Reembolso del 50%<\/strong>: si el hu\u00e9sped cancela <strong>14 o m\u00e1s d\u00edas antes del check-in<\/strong> pero no dentro del per\u00edodo de 48 horas, se reembolsar\u00e1 el 50% por todas las noches.<\/li>\n<li><strong>Cancelaciones tard\u00edas (7 a 14 d\u00edas antes del check-in)<\/strong>: se cobrar\u00e1 el 50% del total de la estancia.<\/li>\n<li><strong>Cancelaciones de \u00faltimo momento (menos de 7 d\u00edas)<\/strong>: se cobrar\u00e1 el 100% de la reserva.<\/li>\n<\/ul>\n<h3 style=\"color: #00796B; margin-top: 40px;\">Pol\u00edtica de cancelaci\u00f3n a largo plazo<\/h3>\n<p>Esta pol\u00edtica se aplica a reservas de 28 o m\u00e1s noches consecutivas:<\/p>\n<ul style=\"padding-left: 20px;\">\n<li><strong>Reembolso completo:<\/strong> Los hu\u00e9spedes pueden cancelar dentro de las 48 horas posteriores a la reserva, siempre que la cancelaci\u00f3n se produzca al menos <strong>28 d\u00edas antes del check-in.<\/strong><\/li>\n<li><strong>Reembolso parcial: <\/strong>Si se cancela m\u00e1s tarde:\n<ul>\n<li>Se le pagar\u00e1 el 100% por todas las noches ya pasadas.<\/li>\n<li>Tambi\u00e9n se le pagar\u00e1 por las siguientes 30 noches a partir de la fecha de cancelaci\u00f3n.<\/li>\n<li>Si quedan menos de 30 noches, se le pagar\u00e1 el 100% por las noches restantes.<\/li>\n<\/ul>\n<\/li>\n<\/ul>\n<p style=\"margin-top: 30px;\">Esta pol\u00edtica cumple con las normas de protecci\u00f3n al consumidor de Colombia (Ley 1480 de 2011) y garantiza la transparencia y la equidad tanto para los hu\u00e9spedes como para los anfitriones.<\/p>\n","protected":false},"excerpt":{"rendered":"<p>Pol\u00edtica de cancelaci\u00f3n est\u00e1ndar Esta pol\u00edtica se aplica a estancias de 27 noches o menos: Reembolso completo: Los hu\u00e9spedes pueden&#8230; <span class=\"knsl-el-more\"><a href=\"https:\/\/kasaorigen.com\/es\/politica-de-reembolso-y-cancelacion\/\" class=\"knsl-btn\">Read more<span class=\"screen-reader-text\">Read more&nbsp;Pol\u00edtica de reembolso y cancelaci\u00f3n<\/span><\/a><\/span><\/p>\n","protected":false},"author":4,"featured_media":0,"parent":0,"menu_order":0,"comment_status":"closed","ping_status":"closed","template":"","meta":{"_acf_changed":false,"_joinchat":[],"footnotes":""},"class_list":["post-4996","page","type-page","status-publish","hentry"],"acf":[],"_links":{"self":[{"href":"https:\/\/kasaorigen.com\/es\/wp-json\/wp\/v2\/pages\/4996","targetHints":{"allow":["GET"]}}],"collection":[{"href":"https:\/\/kasaorigen.com\/es\/wp-json\/wp\/v2\/pages"}],"about":[{"href":"https:\/\/kasaorigen.com\/es\/wp-json\/wp\/v2\/types\/page"}],"author":[{"embeddable":true,"href":"https:\/\/kasaorigen.com\/es\/wp-json\/wp\/v2\/users\/4"}],"replies":[{"embeddable":true,"href":"https:\/\/kasaorigen.com\/es\/wp-json\/wp\/v2\/comments?post=4996"}],"version-history":[{"count":2,"href":"https:\/\/kasaorigen.com\/es\/wp-json\/wp\/v2\/pages\/4996\/revisions"}],"predecessor-version":[{"id":6291,"href":"https:\/\/kasaorigen.com\/es\/wp-json\/wp\/v2\/pages\/4996\/revisions\/6291"}],"wp:attachment":[{"href":"https:\/\/kasaorigen.com\/es\/wp-json\/wp\/v2\/media?parent=4996"}],"curies":[{"name":"wp","href":"https:\/\/api.w.org\/{rel}","templated":true}]}}