{"id":5229,"date":"2025-03-27T15:13:21","date_gmt":"2025-03-27T20:13:21","guid":{"rendered":"https:\/\/kasaorigen.com\/politica-de-privacidad\/"},"modified":"2025-06-26T09:21:38","modified_gmt":"2025-06-26T14:21:38","slug":"politica-de-privacidad","status":"publish","type":"page","link":"https:\/\/kasaorigen.com\/es\/politica-de-privacidad\/","title":{"rendered":"Pol\u00edtica de privacidad"},"content":{"rendered":"\t\t<div data-elementor-type=\"wp-page\" data-elementor-id=\"5229\" class=\"elementor elementor-5229 elementor-3\" data-elementor-post-type=\"page\">\n\t\t\t\t<div class=\"elementor-element elementor-element-2301ee48 e-flex e-con-boxed e-con e-parent\" data-id=\"2301ee48\" data-element_type=\"container\">\n\t\t\t\t\t<div class=\"e-con-inner\">\n\t\t\t\t<div class=\"elementor-element elementor-element-7cfe9151 elementor-widget elementor-widget-text-editor\" data-id=\"7cfe9151\" data-element_type=\"widget\" data-widget_type=\"text-editor.default\">\n\t\t\t\t<div class=\"elementor-widget-container\">\n\t\t\t\t\t\t\t\t\t<div style=\"font-family: Arial, sans-serif; color: #333;\">\n  <ol class=\"wp-block-list\" start=\"1\" style=\"line-height: 1.8;\">\n    <li><strong style=\"color: #00796B;\">Informaci\u00f3n que recopilamos<\/strong>\n      <ul class=\"wp-block-list\">\n        <li>Recopilamos informaci\u00f3n personal como su nombre completo, direcci\u00f3n de correo electr\u00f3nico, n\u00famero de tel\u00e9fono y detalles de pago cuando realiza una reserva.<\/li>\n        <li>Utilizamos cookies y tecnolog\u00edas similares para mejorar su experiencia y recopilar datos de uso del sitio web.<\/li>\n      <\/ul>\n    <\/li>\n\n    <li><strong style=\"color: #00796B;\">Finalidad del uso de los datos<\/strong>\n      <ul class=\"wp-block-list\">\n        <li>Para procesar reservas y brindar atenci\u00f3n al cliente.<\/li>\n        <li>Para enviar notificaciones importantes, actualizaciones y comunicaciones promocionales.<\/li>\n        <li>Para analizar y mejorar nuestro sitio web y servicios.<\/li>\n        <li>Para dar cumplimiento a las obligaciones legales colombianas en materia de tratamiento de datos.<\/li>\n      <\/ul>\n    <\/li>\n\n    <li><strong style=\"color: #00796B;\">Protecci\u00f3n e intercambio de datos<\/strong>\n      <ul class=\"wp-block-list\">\n        <li>No vendemos ni alquilamos sus datos personales bajo ninguna circunstancia.<\/li>\n        <li>Sus datos podr\u00e1n ser compartidos con proveedores de servicios de pago de confianza y autoridades p\u00fablicas solo cuando lo requiera la ley o para fines legales.<\/li>\n        <li>Aplicamos medidas de seguridad administrativas, t\u00e9cnicas y f\u00edsicas adecuadas para proteger su informaci\u00f3n.<\/li>\n      <\/ul>\n    <\/li>\n\n    <li><strong style=\"color: #00796B;\">Cookies y seguimiento<\/strong>\n      <ul class=\"wp-block-list\">\n        <li>Utilizamos cookies para mejorar la funcionalidad del sitio web, recordar las preferencias del usuario y medir an\u00e1lisis.<\/li>\n        <li>Puede administrar sus preferencias de cookies a trav\u00e9s de la configuraci\u00f3n de su navegador en cualquier momento.<\/li>\n      <\/ul>\n    <\/li>\n\n    <li><strong style=\"color: #00796B;\">Sus derechos como sujeto de datos<\/strong>\n      <ul class=\"wp-block-list\">\n        <li>Seg\u00fan la Ley colombiana 1581 de 2012, usted tiene derecho a: acceder, actualizar, corregir y suprimir sus datos personales.<\/li>\n        <li>Tambi\u00e9n puede revocar el consentimiento o presentar una queja sobre el mal uso de su informaci\u00f3n.<\/li>\n        <li>Para ejercer estos derechos, por favor, cont\u00e1ctenos en: <a href=\"mailto:origen.roca@gmail.com\" style=\"color: #00796B;\">origen.roca@gmail.com<\/a><\/li>\n        <li>Si usted considera que sus derechos han sido vulnerados, puede presentar una queja ante la Superintendencia de Industria y Comercio (SIC) en <a href=\"https:\/\/www.sic.gov.co\" target=\"_blank\" style=\"color: #00796B;\">www.sic.gov.co.<\/a><\/li>\n      <\/ul>\n    <\/li>\n  <\/ol>\n<\/div>\n\t\t\t\t\t\t\t\t<\/div>\n\t\t\t\t<\/div>\n\t\t\t\t\t<\/div>\n\t\t\t\t<\/div>\n\t\t\t\t<\/div>\n\t\t","protected":false},"excerpt":{"rendered":"<p>Informaci\u00f3n que recopilamos Recopilamos informaci\u00f3n personal como su nombre completo, direcci\u00f3n de correo electr\u00f3nico, n\u00famero de tel\u00e9fono y detalles de&#8230; <span class=\"knsl-el-more\"><a href=\"https:\/\/kasaorigen.com\/es\/politica-de-privacidad\/\" class=\"knsl-btn\">Read more<span class=\"screen-reader-text\">Read more&nbsp;Pol\u00edtica de privacidad<\/span><\/a><\/span><\/p>\n","protected":false},"author":4,"featured_media":0,"parent":0,"menu_order":0,"comment_status":"closed","ping_status":"open","template":"","meta":{"_acf_changed":false,"_joinchat":[],"footnotes":""},"class_list":["post-5229","page","type-page","status-publish","hentry"],"acf":[],"_links":{"self":[{"href":"https:\/\/kasaorigen.com\/es\/wp-json\/wp\/v2\/pages\/5229","targetHints":{"allow":["GET"]}}],"collection":[{"href":"https:\/\/kasaorigen.com\/es\/wp-json\/wp\/v2\/pages"}],"about":[{"href":"https:\/\/kasaorigen.com\/es\/wp-json\/wp\/v2\/types\/page"}],"author":[{"embeddable":true,"href":"https:\/\/kasaorigen.com\/es\/wp-json\/wp\/v2\/users\/4"}],"replies":[{"embeddable":true,"href":"https:\/\/kasaorigen.com\/es\/wp-json\/wp\/v2\/comments?post=5229"}],"version-history":[{"count":2,"href":"https:\/\/kasaorigen.com\/es\/wp-json\/wp\/v2\/pages\/5229\/revisions"}],"predecessor-version":[{"id":6202,"href":"https:\/\/kasaorigen.com\/es\/wp-json\/wp\/v2\/pages\/5229\/revisions\/6202"}],"wp:attachment":[{"href":"https:\/\/kasaorigen.com\/es\/wp-json\/wp\/v2\/media?parent=5229"}],"curies":[{"name":"wp","href":"https:\/\/api.w.org\/{rel}","templated":true}]}}